{"id":69,"date":"2023-09-10T19:04:51","date_gmt":"2023-09-10T17:04:51","guid":{"rendered":"https:\/\/psychologue.contact\/?page_id=69"},"modified":"2023-12-30T18:41:18","modified_gmt":"2023-12-30T17:41:18","slug":"emmanuelle-orhan-psychologue","status":"publish","type":"page","link":"https:\/\/psychologue.contact\/","title":{"rendered":"Emmanuelle Orhan, psychologue clinicienne."},"content":{"rendered":"\n<p class=\"has-text-align-center\" style=\"font-size:16px\">Je vous accompagne dans une prise en charge adapt\u00e9e \u00e0 vos besoins dans le cadre d&#8217;une <strong>psychoth\u00e9rapie<\/strong>, d&#8217;un <strong>soutien psychologique<\/strong>. Je mets \u00e0 votre disposition mon exp\u00e9rience dans diff\u00e9rents champs tels que l&#8217;approche analytique, syst\u00e9mique : <strong>famille, couple, soutien \u00e0 la parentalit\u00e9<\/strong>, <strong>transculturelle<\/strong> (souffrance dans la migration et dans l&#8217;identit\u00e9 culturelle) mais \u00e9galement la pratique de l&#8217;<strong>hypnose th\u00e9rapeutique<\/strong> (troubles anxieux, addictions, troubles des comportements alimentaires, gestion de la douleur).<\/p>\n\n\n\n<hr class=\"wp-block-separator has-alpha-channel-opacity is-style-default\"\/>\n\n\n\n<h2 class=\"wp-block-heading o-typing-fast o-typing-delay-100ms has-vivid-purple-color has-text-color has-link-color wp-elements-96822285748526510593944328d44022\" style=\"font-size:35px\"><o-anim-typing>Je vous aide \u00e0 comprendre vos difficult\u00e9s et \u00e0 mettre en \u0153uvre un changement. <\/o-anim-typing><\/h2>\n\n\n\n<div class=\"wp-block-columns is-layout-flex wp-container-core-columns-layout-1 wp-block-columns-is-layout-flex\">\n<div class=\"wp-block-column animated fadeInLeft is-layout-flow wp-block-column-is-layout-flow\">\n<h3 class=\"wp-block-heading has-medium-font-size\">Hypnose th\u00e9rapeutique<\/h3>\n\n\n\n<p style=\"font-size:16px\">\u00c0 Montoire-sur-le-Loir, votre psychologue vous accompagne par la pratique de l&#8217;hypnose.<\/p>\n\n\n\n<div class=\"wp-block-buttons is-layout-flex wp-block-buttons-is-layout-flex\">\n<div class=\"wp-block-button has-custom-width wp-block-button__width-75 has-custom-font-size is-style-outline has-small-font-size\"><a class=\"wp-block-button__link wp-element-button\" href=\"https:\/\/psychologue.contact\/?page_id=125\">EN SAVOIR PLUS<\/a><\/div>\n<\/div>\n<\/div>\n\n\n\n<div class=\"wp-block-column animated fadeInLeft delay-100ms is-layout-flow wp-block-column-is-layout-flow\">\n<h3 class=\"wp-block-heading has-medium-font-size\">Th\u00e9rapie de couple<\/h3>\n\n\n\n<p style=\"font-size:16px\">Lorsqu&#8217;un couple est en situation de crise, il n&#8217;arrive plus \u00e0 communiquer. Les discussions deviennent rapidement des disputes. Votre th\u00e9rapeute pourra vous permettre de comprendre les r\u00e9actions de l&#8217;un envers l&#8217;autre, d&#8217;analyser les dysfonctionnements.<\/p>\n\n\n\n<div class=\"wp-block-buttons is-layout-flex wp-block-buttons-is-layout-flex\">\n<div class=\"wp-block-button has-custom-width wp-block-button__width-75 has-custom-font-size is-style-outline has-small-font-size\"><a class=\"wp-block-button__link wp-element-button\" href=\"https:\/\/psychologue.contact\/?page_id=445\">EN SAVOIR PLUS<\/a><\/div>\n<\/div>\n<\/div>\n\n\n\n<div class=\"wp-block-column animated fadeInLeft delay-200ms is-layout-flow wp-block-column-is-layout-flow\">\n<h3 class=\"wp-block-heading has-medium-font-size\">Soutien \u00e0 la parentalit\u00e9<\/h3>\n\n\n\n<p style=\"font-size:16px\">Je viens en aide aux parents qui se sentent en difficult\u00e9 dans leur relation avec leurs enfants. <\/p>\n\n\n\n<div class=\"wp-block-buttons is-layout-flex wp-block-buttons-is-layout-flex\">\n<div class=\"wp-block-button has-custom-width wp-block-button__width-75 has-custom-font-size is-style-outline has-small-font-size\"><a class=\"wp-block-button__link wp-element-button\" href=\"https:\/\/psychologue.contact\/?page_id=375\">EN SAVOIR PLUS<\/a><\/div>\n<\/div>\n<\/div>\n<\/div>\n\n\n\n<hr class=\"wp-block-separator has-alpha-channel-opacity\"\/>\n\n\n\n<div class=\"wp-block-media-text has-media-on-the-right is-stacked-on-mobile is-image-fill\" style=\"grid-template-columns:auto 40%\"><div class=\"wp-block-media-text__content\">\n<p style=\"font-size:16px\">J&#8217;accompagne toute personne quelque soit son \u00e2ge (Enfants, Adolescents et Adultes). Je vous re\u00e7ois et vous accompagne en consultation du Jeudi au samedi sur des horaires adapt\u00e9s \u00e0 votre rythme de vie. Je me d\u00e9place <strong>\u00e0 domicile<\/strong> pour les personnes \u00e0 mobilit\u00e9 r\u00e9duite sur les communes suivantes : Montoire sur Le Loir, Bess\u00e9 sur Braye, Saint Calais, Soug\u00e9, Bonneveau, Troo, Celle, Saint Martin des Bois, Ternay.<\/p>\n\n\n\n<p style=\"font-size:16px\">Pour prendre rendez-vous, m&#8217;appeler au <strong>06 15 44 73 36<\/strong><\/p>\n\n\n\n<div class=\"wp-block-buttons is-layout-flex wp-block-buttons-is-layout-flex\">\n<div class=\"wp-block-button has-custom-width wp-block-button__width-100 has-custom-font-size is-style-outline has-small-font-size\"><a class=\"wp-block-button__link wp-element-button\" href=\"https:\/\/psychologue.contact\/?page_id=191\">ADRESSE DU CABINET<\/a><\/div>\n<\/div>\n<\/div><figure class=\"wp-block-media-text__media\" style=\"background-image:url(https:\/\/psychologue.contact\/wp-content\/uploads\/2023\/11\/IMG_0490.jpeg);background-position:50% 100%\"><img loading=\"lazy\" decoding=\"async\" width=\"765\" height=\"1020\" src=\"https:\/\/psychologue.contact\/wp-content\/uploads\/2023\/11\/IMG_0490.jpeg\" alt=\"cabinet psychologue \u00e0 Montoire sur le Loire\" class=\"wp-image-319 size-full\" srcset=\"https:\/\/psychologue.contact\/wp-content\/uploads\/2023\/11\/IMG_0490.jpeg 765w, https:\/\/psychologue.contact\/wp-content\/uploads\/2023\/11\/IMG_0490-225x300.jpeg 225w, https:\/\/psychologue.contact\/wp-content\/uploads\/2023\/11\/IMG_0490-370x493.jpeg 370w, https:\/\/psychologue.contact\/wp-content\/uploads\/2023\/11\/IMG_0490-760x1013.jpeg 760w\" sizes=\"(max-width: 767px) 100vw, 765px\" \/><\/figure><\/div>\n\n\n\n<div style=\"height:39px\" aria-hidden=\"true\" class=\"wp-block-spacer\"><\/div>\n\n\n\n<hr class=\"wp-block-separator has-alpha-channel-opacity\"\/>\n\n\n\n<h2 class=\"wp-block-heading\">Qu&#8217;est-ce qu&#8217;un psychologue clinicien?<\/h2>\n\n\n\n<div class=\"wp-block-media-text is-stacked-on-mobile is-image-fill\"><figure class=\"wp-block-media-text__media\" style=\"background-image:url(https:\/\/psychologue.contact\/wp-content\/uploads\/2023\/11\/pexels-arina-krasnikova-6999037-683x1024.jpg);background-position:52% 100%\"><img loading=\"lazy\" decoding=\"async\" width=\"683\" height=\"1024\" src=\"https:\/\/psychologue.contact\/wp-content\/uploads\/2023\/11\/pexels-arina-krasnikova-6999037-683x1024.jpg\" alt=\"\" class=\"wp-image-342 size-full\" srcset=\"https:\/\/psychologue.contact\/wp-content\/uploads\/2023\/11\/pexels-arina-krasnikova-6999037-683x1024.jpg 683w, https:\/\/psychologue.contact\/wp-content\/uploads\/2023\/11\/pexels-arina-krasnikova-6999037-200x300.jpg 200w, https:\/\/psychologue.contact\/wp-content\/uploads\/2023\/11\/pexels-arina-krasnikova-6999037-768x1151.jpg 768w, https:\/\/psychologue.contact\/wp-content\/uploads\/2023\/11\/pexels-arina-krasnikova-6999037-1025x1536.jpg 1025w, https:\/\/psychologue.contact\/wp-content\/uploads\/2023\/11\/pexels-arina-krasnikova-6999037-1367x2048.jpg 1367w, https:\/\/psychologue.contact\/wp-content\/uploads\/2023\/11\/pexels-arina-krasnikova-6999037-2000x2997.jpg 2000w, https:\/\/psychologue.contact\/wp-content\/uploads\/2023\/11\/pexels-arina-krasnikova-6999037-760x1139.jpg 760w, https:\/\/psychologue.contact\/wp-content\/uploads\/2023\/11\/pexels-arina-krasnikova-6999037-370x554.jpg 370w, https:\/\/psychologue.contact\/wp-content\/uploads\/2023\/11\/pexels-arina-krasnikova-6999037-scaled.jpg 1709w\" sizes=\"(max-width: 767px) 100vw, 683px\" \/><\/figure><div class=\"wp-block-media-text__content\">\n<p style=\"font-size:16px\">Un psychologue est un professionnel de sant\u00e9 ayant suivi une formation universitaire d&#8217;un niveau Master Il en psychologie, soit un minimum de 5 ans. Le titre de psychologue est prot\u00e9g\u00e9, c&#8217;est un dipl\u00f4me d&#8217;Etat, ce qui assure le s\u00e9rieux de la formation de celui qui en est le d\u00e9tenteur.<\/p>\n\n\n\n<p style=\"font-size:16px\">Il est r\u00e9pertori\u00e9 dans le fichier national des professionnels de sant\u00e9 (ADELI) et il est titulaire d&#8217;un num\u00e9ro de r\u00e9f\u00e9rencemen aupr\u00e8s de l&#8217;ARS (Agence R\u00e9gionale de Sant\u00e9).&nbsp;<\/p>\n\n\n\n<div class=\"wp-block-buttons is-layout-flex wp-block-buttons-is-layout-flex\">\n<div class=\"wp-block-button has-custom-width wp-block-button__width-50 has-custom-font-size is-style-outline has-small-font-size\"><a class=\"wp-block-button__link wp-element-button\" href=\"https:\/\/psychologue.contact\/?page_id=137\">LIRE LA SUITE<\/a><\/div>\n<\/div>\n<\/div><\/div>\n\n\n\n<div style=\"height:100px\" aria-hidden=\"true\" class=\"wp-block-spacer\"><\/div>\n","protected":false},"excerpt":{"rendered":"<p>Je vous accompagne dans une prise en charge adapt\u00e9e \u00e0 vos besoins dans le cadre d&#8217;une psychoth\u00e9rapie, d&#8217;un soutien psychologique. Je mets \u00e0 votre disposition mon exp\u00e9rience dans diff\u00e9rents champs tels que l&#8217;approche analytique, syst\u00e9mique : famille, couple, soutien \u00e0 la parentalit\u00e9, transculturelle (souffrance dans la migration et dans l&#8217;identit\u00e9 culturelle) mais \u00e9galement la pratique &hellip; <\/p>\n<p class=\"link-more\"><a href=\"https:\/\/psychologue.contact\/\" class=\"more-link\">Read more<span class=\"screen-reader-text\"> &#8220;Emmanuelle Orhan, psychologue clinicienne.&#8221;<\/span><\/a><\/p>\n","protected":false},"author":1,"featured_media":316,"parent":0,"menu_order":0,"comment_status":"closed","ping_status":"closed","template":"","meta":{"footnotes":""},"_links":{"self":[{"href":"https:\/\/psychologue.contact\/index.php?rest_route=\/wp\/v2\/pages\/69"}],"collection":[{"href":"https:\/\/psychologue.contact\/index.php?rest_route=\/wp\/v2\/pages"}],"about":[{"href":"https:\/\/psychologue.contact\/index.php?rest_route=\/wp\/v2\/types\/page"}],"author":[{"embeddable":true,"href":"https:\/\/psychologue.contact\/index.php?rest_route=\/wp\/v2\/users\/1"}],"replies":[{"embeddable":true,"href":"https:\/\/psychologue.contact\/index.php?rest_route=%2Fwp%2Fv2%2Fcomments&post=69"}],"version-history":[{"count":54,"href":"https:\/\/psychologue.contact\/index.php?rest_route=\/wp\/v2\/pages\/69\/revisions"}],"predecessor-version":[{"id":467,"href":"https:\/\/psychologue.contact\/index.php?rest_route=\/wp\/v2\/pages\/69\/revisions\/467"}],"wp:featuredmedia":[{"embeddable":true,"href":"https:\/\/psychologue.contact\/index.php?rest_route=\/wp\/v2\/media\/316"}],"wp:attachment":[{"href":"https:\/\/psychologue.contact\/index.php?rest_route=%2Fwp%2Fv2%2Fmedia&parent=69"}],"curies":[{"name":"wp","href":"https:\/\/api.w.org\/{rel}","templated":true}]}}