{"id":382,"date":"2023-12-30T16:52:50","date_gmt":"2023-12-30T15:52:50","guid":{"rendered":"https:\/\/psychologue.contact\/?page_id=382"},"modified":"2023-12-30T17:59:57","modified_gmt":"2023-12-30T16:59:57","slug":"harcelement-scolaire","status":"publish","type":"page","link":"https:\/\/psychologue.contact\/?page_id=382","title":{"rendered":"Harc\u00e8lement scolaire"},"content":{"rendered":"\n<div class=\"wp-block-cover alignfull animated fadeIn\" style=\"min-height:600px\"><span aria-hidden=\"true\" class=\"wp-block-cover__background has-background-dim-20 has-background-dim\"><\/span><img loading=\"lazy\" decoding=\"async\" width=\"2560\" height=\"1707\" class=\"wp-block-cover__image-background wp-image-416\" alt=\"\" src=\"https:\/\/psychologue.contact\/wp-content\/uploads\/2023\/12\/pexels-jeswin-thomas-1280162-scaled.jpg\" data-object-fit=\"cover\" srcset=\"https:\/\/psychologue.contact\/wp-content\/uploads\/2023\/12\/pexels-jeswin-thomas-1280162-scaled.jpg 2560w, https:\/\/psychologue.contact\/wp-content\/uploads\/2023\/12\/pexels-jeswin-thomas-1280162-300x200.jpg 300w, https:\/\/psychologue.contact\/wp-content\/uploads\/2023\/12\/pexels-jeswin-thomas-1280162-1024x683.jpg 1024w, https:\/\/psychologue.contact\/wp-content\/uploads\/2023\/12\/pexels-jeswin-thomas-1280162-768x512.jpg 768w, https:\/\/psychologue.contact\/wp-content\/uploads\/2023\/12\/pexels-jeswin-thomas-1280162-1536x1024.jpg 1536w, https:\/\/psychologue.contact\/wp-content\/uploads\/2023\/12\/pexels-jeswin-thomas-1280162-2048x1365.jpg 2048w, https:\/\/psychologue.contact\/wp-content\/uploads\/2023\/12\/pexels-jeswin-thomas-1280162-2000x1333.jpg 2000w, https:\/\/psychologue.contact\/wp-content\/uploads\/2023\/12\/pexels-jeswin-thomas-1280162-760x507.jpg 760w, https:\/\/psychologue.contact\/wp-content\/uploads\/2023\/12\/pexels-jeswin-thomas-1280162-370x247.jpg 370w\" sizes=\"(max-width: 2560px) 100vw, 2560px\" \/><div class=\"wp-block-cover__inner-container is-layout-flow wp-block-cover-is-layout-flow\">\n<h2 class=\"wp-block-heading has-text-align-center o-typing-delay-500ms o-typing-fast has-white-color has-text-color\" style=\"font-size:70px\"><strong><mark style=\"background-color:rgba(0, 0, 0, 0)\" class=\"has-inline-color has-white-color\"><o-anim-typing>Harc\u00e8lement scolaire<\/o-anim-typing><\/mark><\/strong><\/h2>\n<\/div><\/div>\n\n\n\n<h2 class=\"wp-block-heading\">Qu&#8217;est-ce que le harc\u00e8lement ?<\/h2>\n\n\n\n<p style=\"font-size:16px\">Le harc\u00e8lement est une violence qui se caract\u00e9rise par le ph\u00e9nom\u00e8ne de r\u00e9p\u00e9tition. Cette violence peut \u00eatre exerc\u00e9e par un ou plusieurs auteurs et peut prendre de multiples formes parfois associ\u00e9es: coups, bousculades, insultes, brimades, racket&#8230;L&#8217;enfant ou l&#8217;adolescent victime de harc\u00e8lement se sent dans l&#8217;incapacit\u00e9 de se d\u00e9fendre. Il se trouve dans une situation d&#8217;isolement et de non communication car il se sent menac\u00e9. L&#8217;enfant ou le jeune est la plupart du temps harcel\u00e9 par ses pairs dans les environnements qu&#8217;ils ont en commun, \u00e9tablissement scolaire, trajets \u00e9cole-maison, r\u00e9seaux sociaux. Il est stigmatis\u00e9 et rejet\u00e9 sur le fondement de certaines caract\u00e9ristiques. A terme, il int\u00e9riorise les causes du harc\u00e8lement comme valides et perd confiance en lui.<\/p>\n\n\n\n<p style=\"font-size:16px\">Le harc\u00e8lement : un traumatisme qui touche toute la famille. <\/p>\n\n\n\n<p style=\"font-size:16px\">La victime du harc\u00e8lement a tendance \u00e0 dissimuler ce qu&#8217;il vit. Lorsque le harc\u00e8lement est r\u00e9v\u00e9l\u00e9, les parents se sentent souvent coupables de ne pas avoir vu ce qu&#8217;il se passait et parfois en veulent \u00e0 leur enfant de ne leur avoir rien dit.<\/p>\n\n\n\n<p style=\"font-size:16px\">Votre psychologue peut aider l&#8217;enfant et ses parents \u00e0 identifier les m\u00e9canismes du harc\u00e8lement, \u00e0 poser des mots sur le v\u00e9cu et les ressentis. Permettre \u00e0 l&#8217;enfant ou au jeune de ne pas s&#8217;enfermer dans le statut de victime m\u00eame si cette reconnaissance est importante \u00e0 un moment donn\u00e9 dans le processus de r\u00e9paration. Trouver en lui les ressources n\u00e9cessaires pour r\u00e9pondre et s&#8217;affirmer comme il est et de prendre conscience de sa valeur. Retrouver la confiance lui permettant de communiquer notamment avec les adultes. Un accompagnement est aussi important pour les enfants auteurs de violences et leurs parents. Votre psychologue propose \u00e9galement une prise en charge pour les jeunes auteurs dans l&#8217;identification du ph\u00e9nom\u00e8ne dans lequel il a \u00e9t\u00e9 amen\u00e9 \u00e0 produire de la violence.<\/p>\n\n\n\n<p class=\"has-medium-font-size\">Appeler au <strong>06 15 44 73 36<\/strong><\/p>\n\n\n\n<div style=\"height:100px\" aria-hidden=\"true\" class=\"wp-block-spacer\"><\/div>\n","protected":false},"excerpt":{"rendered":"<p>Qu&#8217;est-ce que le harc\u00e8lement ? Le harc\u00e8lement est une violence qui se caract\u00e9rise par le ph\u00e9nom\u00e8ne de r\u00e9p\u00e9tition. Cette violence peut \u00eatre exerc\u00e9e par un ou plusieurs auteurs et peut prendre de multiples formes parfois associ\u00e9es: coups, bousculades, insultes, brimades, racket&#8230;L&#8217;enfant ou l&#8217;adolescent victime de harc\u00e8lement se sent dans l&#8217;incapacit\u00e9 de se d\u00e9fendre. Il se &hellip; <\/p>\n<p class=\"link-more\"><a href=\"https:\/\/psychologue.contact\/?page_id=382\" class=\"more-link\">Read more<span class=\"screen-reader-text\"> &#8220;Harc\u00e8lement scolaire&#8221;<\/span><\/a><\/p>\n","protected":false},"author":2,"featured_media":0,"parent":0,"menu_order":0,"comment_status":"closed","ping_status":"closed","template":"","meta":{"footnotes":""},"_links":{"self":[{"href":"https:\/\/psychologue.contact\/index.php?rest_route=\/wp\/v2\/pages\/382"}],"collection":[{"href":"https:\/\/psychologue.contact\/index.php?rest_route=\/wp\/v2\/pages"}],"about":[{"href":"https:\/\/psychologue.contact\/index.php?rest_route=\/wp\/v2\/types\/page"}],"author":[{"embeddable":true,"href":"https:\/\/psychologue.contact\/index.php?rest_route=\/wp\/v2\/users\/2"}],"replies":[{"embeddable":true,"href":"https:\/\/psychologue.contact\/index.php?rest_route=%2Fwp%2Fv2%2Fcomments&post=382"}],"version-history":[{"count":7,"href":"https:\/\/psychologue.contact\/index.php?rest_route=\/wp\/v2\/pages\/382\/revisions"}],"predecessor-version":[{"id":446,"href":"https:\/\/psychologue.contact\/index.php?rest_route=\/wp\/v2\/pages\/382\/revisions\/446"}],"wp:attachment":[{"href":"https:\/\/psychologue.contact\/index.php?rest_route=%2Fwp%2Fv2%2Fmedia&parent=382"}],"curies":[{"name":"wp","href":"https:\/\/api.w.org\/{rel}","templated":true}]}}