{"id":375,"date":"2023-12-30T16:40:30","date_gmt":"2023-12-30T15:40:30","guid":{"rendered":"https:\/\/psychologue.contact\/?page_id=375"},"modified":"2023-12-30T17:31:14","modified_gmt":"2023-12-30T16:31:14","slug":"soutien-a-la-parentalite","status":"publish","type":"page","link":"https:\/\/psychologue.contact\/?page_id=375","title":{"rendered":"Soutien \u00e0 la parentalit\u00e9"},"content":{"rendered":"\n<div class=\"wp-block-cover alignfull animated fadeIn\" style=\"min-height:600px\"><span aria-hidden=\"true\" class=\"wp-block-cover__background has-background-dim\"><\/span><img loading=\"lazy\" decoding=\"async\" width=\"2560\" height=\"1707\" class=\"wp-block-cover__image-background wp-image-376\" alt=\"\" src=\"https:\/\/psychologue.contact\/wp-content\/uploads\/2023\/12\/pexels-juan-pablo-serrano-arenas-1250452-scaled.jpg\" data-object-fit=\"cover\" srcset=\"https:\/\/psychologue.contact\/wp-content\/uploads\/2023\/12\/pexels-juan-pablo-serrano-arenas-1250452-scaled.jpg 2560w, https:\/\/psychologue.contact\/wp-content\/uploads\/2023\/12\/pexels-juan-pablo-serrano-arenas-1250452-300x200.jpg 300w, https:\/\/psychologue.contact\/wp-content\/uploads\/2023\/12\/pexels-juan-pablo-serrano-arenas-1250452-1024x683.jpg 1024w, https:\/\/psychologue.contact\/wp-content\/uploads\/2023\/12\/pexels-juan-pablo-serrano-arenas-1250452-768x512.jpg 768w, https:\/\/psychologue.contact\/wp-content\/uploads\/2023\/12\/pexels-juan-pablo-serrano-arenas-1250452-1536x1024.jpg 1536w, https:\/\/psychologue.contact\/wp-content\/uploads\/2023\/12\/pexels-juan-pablo-serrano-arenas-1250452-2048x1365.jpg 2048w, https:\/\/psychologue.contact\/wp-content\/uploads\/2023\/12\/pexels-juan-pablo-serrano-arenas-1250452-2000x1333.jpg 2000w, https:\/\/psychologue.contact\/wp-content\/uploads\/2023\/12\/pexels-juan-pablo-serrano-arenas-1250452-760x507.jpg 760w, https:\/\/psychologue.contact\/wp-content\/uploads\/2023\/12\/pexels-juan-pablo-serrano-arenas-1250452-370x247.jpg 370w\" sizes=\"(max-width: 2560px) 100vw, 2560px\" \/><div class=\"wp-block-cover__inner-container is-layout-flow wp-block-cover-is-layout-flow\">\n<h2 class=\"wp-block-heading has-text-align-center o-typing-delay-500ms o-typing-fast has-white-color has-text-color\" style=\"font-size:70px\"><strong><strong><o-anim-typing>Soutien \u00e0 la parentalit\u00e9<\/o-anim-typing><\/strong><\/strong><\/h2>\n<\/div><\/div>\n\n\n\n<h2 class=\"wp-block-heading\">Accompagnement \u00e0 la parentalit\u00e9<\/h2>\n\n\n\n<p style=\"font-size:16px\">La parentalit\u00e9 est un terme qui d\u00e9signe la fonction &#8221; d&#8217;\u00eatre parent &#8220;. Le psychologue aide les parents qui se sentent en difficult\u00e9 dans leur relation avec leurs enfants. Il permet le questionnement et l&#8217;explicitation de la place de chacun et des relations affectives qui sont en jeu. Les raisons de rencontrer un psychologue dans le cadre du soutien \u00e0 la fonction parentale sont multiples. Qu&#8217;il s&#8217;agisse d&#8217;un sentiment d&#8217;\u00e9chec dans la relation \u00e9ducative ou d&#8217;un d\u00e9ficit d&#8217;autorit\u00e9, de difficult\u00e9s \u00e0 g\u00e9rer les conflits dans la fratrie, il arrive que les parents aient un sentiment de d\u00e9bordement face aux situations auxquels ils sont confront\u00e9s.<\/p>\n\n\n\n<p style=\"font-size:16px\">Le psychologue les aide alors \u00e0 explorer l&#8217;ensemble des situations du quotidien dans lesquelles s&#8217;expriment des postures, actes, paroles et \u00e9motions.<\/p>\n\n\n\n<h2 class=\"wp-block-heading\">\u00c0 qui s&#8217;adresse l&#8217;accompagnement \u00e0 la parentalit\u00e9 ?<\/h2>\n\n\n\n<p style=\"font-size:16px\">Le soutien \u00e0 la parentalit\u00e9 s&#8217;adresse \u00e0 toutes les familles dans toute leur diversit\u00e9 car la notion de famille est aussi multiple. Elle peut avoir \u00e9t\u00e9 soumise \u00e0 des mutations, \u00eatre recompos\u00e9e, \u00e9largie, monoparentale, homoparentale ou avoir subi un traumatisme (d\u00e9c\u00e8s, incarc\u00e9ration, violences conjugales, handicap&#8230;) autant de configurations qui viennent questionner les parents dans leurs comp\u00e9tence et confiance \u00e0 accompagner leurs enfants sur le chemin de la vie.<\/p>\n\n\n\n<p style=\"font-size:16px\">Votre psychologue accompagne chaque situation dans sa particularit\u00e9, sans jugement et aide \u00e0 l&#8217;\u00e9laboration de nouvelles fa\u00e7ons d&#8217;\u00eatre.<\/p>\n\n\n\n<p class=\"has-medium-font-size\">Appeler au <strong>06 15 44 73 36<\/strong><\/p>\n\n\n\n<div style=\"height:100px\" aria-hidden=\"true\" class=\"wp-block-spacer\"><\/div>\n","protected":false},"excerpt":{"rendered":"<p>Accompagnement \u00e0 la parentalit\u00e9 La parentalit\u00e9 est un terme qui d\u00e9signe la fonction &#8221; d&#8217;\u00eatre parent &#8220;. Le psychologue aide les parents qui se sentent en difficult\u00e9 dans leur relation avec leurs enfants. Il permet le questionnement et l&#8217;explicitation de la place de chacun et des relations affectives qui sont en jeu. Les raisons de &hellip; <\/p>\n<p class=\"link-more\"><a href=\"https:\/\/psychologue.contact\/?page_id=375\" class=\"more-link\">Read more<span class=\"screen-reader-text\"> &#8220;Soutien \u00e0 la parentalit\u00e9&#8221;<\/span><\/a><\/p>\n","protected":false},"author":2,"featured_media":0,"parent":0,"menu_order":0,"comment_status":"closed","ping_status":"closed","template":"","meta":{"footnotes":""},"_links":{"self":[{"href":"https:\/\/psychologue.contact\/index.php?rest_route=\/wp\/v2\/pages\/375"}],"collection":[{"href":"https:\/\/psychologue.contact\/index.php?rest_route=\/wp\/v2\/pages"}],"about":[{"href":"https:\/\/psychologue.contact\/index.php?rest_route=\/wp\/v2\/types\/page"}],"author":[{"embeddable":true,"href":"https:\/\/psychologue.contact\/index.php?rest_route=\/wp\/v2\/users\/2"}],"replies":[{"embeddable":true,"href":"https:\/\/psychologue.contact\/index.php?rest_route=%2Fwp%2Fv2%2Fcomments&post=375"}],"version-history":[{"count":9,"href":"https:\/\/psychologue.contact\/index.php?rest_route=\/wp\/v2\/pages\/375\/revisions"}],"predecessor-version":[{"id":436,"href":"https:\/\/psychologue.contact\/index.php?rest_route=\/wp\/v2\/pages\/375\/revisions\/436"}],"wp:attachment":[{"href":"https:\/\/psychologue.contact\/index.php?rest_route=%2Fwp%2Fv2%2Fmedia&parent=375"}],"curies":[{"name":"wp","href":"https:\/\/api.w.org\/{rel}","templated":true}]}}