{"id":364,"date":"2023-12-30T16:19:03","date_gmt":"2023-12-30T15:19:03","guid":{"rendered":"https:\/\/psychologue.contact\/?page_id=364"},"modified":"2023-12-30T17:32:45","modified_gmt":"2023-12-30T16:32:45","slug":"ethnopsychologue-a-montoire-sur-le-loir","status":"publish","type":"page","link":"https:\/\/psychologue.contact\/?page_id=364","title":{"rendered":"Ethnopsychologie"},"content":{"rendered":"\n<div class=\"wp-block-cover alignfull animated fadeIn\" style=\"min-height:600px\"><span aria-hidden=\"true\" class=\"wp-block-cover__background has-background-dim-40 has-background-dim\"><\/span><img loading=\"lazy\" decoding=\"async\" width=\"2560\" height=\"1707\" class=\"wp-block-cover__image-background wp-image-365\" alt=\"\" src=\"http:\/\/psychologue.contact\/wp-content\/uploads\/2023\/12\/pexels-lisa-fotios-1107717-scaled.jpg\" data-object-fit=\"cover\" srcset=\"https:\/\/psychologue.contact\/wp-content\/uploads\/2023\/12\/pexels-lisa-fotios-1107717-scaled.jpg 2560w, https:\/\/psychologue.contact\/wp-content\/uploads\/2023\/12\/pexels-lisa-fotios-1107717-300x200.jpg 300w, https:\/\/psychologue.contact\/wp-content\/uploads\/2023\/12\/pexels-lisa-fotios-1107717-1024x683.jpg 1024w, https:\/\/psychologue.contact\/wp-content\/uploads\/2023\/12\/pexels-lisa-fotios-1107717-768x512.jpg 768w, https:\/\/psychologue.contact\/wp-content\/uploads\/2023\/12\/pexels-lisa-fotios-1107717-1536x1024.jpg 1536w, https:\/\/psychologue.contact\/wp-content\/uploads\/2023\/12\/pexels-lisa-fotios-1107717-2048x1365.jpg 2048w, https:\/\/psychologue.contact\/wp-content\/uploads\/2023\/12\/pexels-lisa-fotios-1107717-2000x1333.jpg 2000w, https:\/\/psychologue.contact\/wp-content\/uploads\/2023\/12\/pexels-lisa-fotios-1107717-760x507.jpg 760w, https:\/\/psychologue.contact\/wp-content\/uploads\/2023\/12\/pexels-lisa-fotios-1107717-370x247.jpg 370w\" sizes=\"(max-width: 2560px) 100vw, 2560px\" \/><div class=\"wp-block-cover__inner-container is-layout-flow wp-block-cover-is-layout-flow\">\n<h2 class=\"wp-block-heading has-text-align-center o-typing-delay-500ms o-typing-faster has-white-color has-text-color\" style=\"font-size:70px\"><strong><o-anim-typing>Ethnopsychologie \/ Psychologie culturelle<\/o-anim-typing><\/strong><\/h2>\n<\/div><\/div>\n\n\n\n<h2 class=\"wp-block-heading\">Qu&#8217;est-ce que l&#8217;ethnopsychologie ?<\/h2>\n\n\n\n<p style=\"font-size:16px\">L&#8217;ethnopsychologie ou <strong>psychologie transculturelle<\/strong> est une approche dans laquelle l&#8217;individu est accueilli dans ses dimensions psychique et culturelle. Cette double lecture compl\u00e9mentaire met en lumi\u00e8re que chaque personne se construit dans sa singularit\u00e9 mais \u00e9galement dans une ou plusieurs sph\u00e8res culturelles qui vont venir ancrer ses repr\u00e9sentations du monde, les places de chacun, les modalit\u00e9s d&#8217;interactions entre la personne et les autres. Chaque \u00eatre humain est fa\u00e7onn\u00e9 dans sa famille, dans son syst\u00e8me anthropologique, religieux et social. Du plus proche au plus large chaque aire \u00e9met son influence. Les codes culturels ont pour fonction de donner du sens, d&#8217;assurer la coh\u00e9sion et la continuit\u00e9 du groupe et de construire le sentiment d&#8217;appartenance. Chacun est en mesure de questionner ces codages culturels, les accepter, de les rejeter, de les transgresser.<\/p>\n\n\n\n<h2 class=\"wp-block-heading\">\u00c0 qui s&#8217;adresse l&#8217;ethnopsychologie ?<\/h2>\n\n\n\n<p style=\"font-size:16px\">\u00c0 toute personne qui se sent en souffrance dans le v\u00e9cu de son identit\u00e9 culturelle. Lorsque le d\u00e9sir d&#8217;\u00eatre soi ne rencontre plus ce qui est accept\u00e9 ou acceptable par autrui. Lorsque dans la migration, une personne ou une famille est en difficult\u00e9 quant \u00e0 sa place dans la soci\u00e9t\u00e9 d&#8217;accueil au regard de son origine. Lorsqu&#8217;un individu (enfant, adolescent ou adulte) ou un couple est porteur d&#8217;une double appartenance ou en conflit avec les repr\u00e9sentations culturelles de son groupe d&#8217;appartenance (famille, ethnico-culturelle, social, religieux&#8230;).<\/p>\n\n\n\n<p style=\"font-size:16px\">Si vous vous sentez en d\u00e9calage avec votre identit\u00e9 culturelle, si le d\u00e9sir d&#8217;\u00eatre vous-m\u00eame est en conflit avec les normes sociales ou familiales, l&#8217;ethnopsychologie peut vous offrir un espace d&#8217;exploration et de compr\u00e9hension. Contactez-moi pour un accompagnement personnalis\u00e9 vers un \u00e9panouissement culturel et psychologique. <\/p>\n\n\n\n<p style=\"font-size:16px\">Appeler au <strong>06 15 44 73 36<\/strong><\/p>\n\n\n\n<div style=\"height:100px\" aria-hidden=\"true\" class=\"wp-block-spacer\"><\/div>\n","protected":false},"excerpt":{"rendered":"<p>Qu&#8217;est-ce que l&#8217;ethnopsychologie ? L&#8217;ethnopsychologie ou psychologie transculturelle est une approche dans laquelle l&#8217;individu est accueilli dans ses dimensions psychique et culturelle. Cette double lecture compl\u00e9mentaire met en lumi\u00e8re que chaque personne se construit dans sa singularit\u00e9 mais \u00e9galement dans une ou plusieurs sph\u00e8res culturelles qui vont venir ancrer ses repr\u00e9sentations du monde, les places &hellip; <\/p>\n<p class=\"link-more\"><a href=\"https:\/\/psychologue.contact\/?page_id=364\" class=\"more-link\">Read more<span class=\"screen-reader-text\"> &#8220;Ethnopsychologie&#8221;<\/span><\/a><\/p>\n","protected":false},"author":2,"featured_media":0,"parent":0,"menu_order":0,"comment_status":"closed","ping_status":"closed","template":"","meta":{"footnotes":""},"_links":{"self":[{"href":"https:\/\/psychologue.contact\/index.php?rest_route=\/wp\/v2\/pages\/364"}],"collection":[{"href":"https:\/\/psychologue.contact\/index.php?rest_route=\/wp\/v2\/pages"}],"about":[{"href":"https:\/\/psychologue.contact\/index.php?rest_route=\/wp\/v2\/types\/page"}],"author":[{"embeddable":true,"href":"https:\/\/psychologue.contact\/index.php?rest_route=\/wp\/v2\/users\/2"}],"replies":[{"embeddable":true,"href":"https:\/\/psychologue.contact\/index.php?rest_route=%2Fwp%2Fv2%2Fcomments&post=364"}],"version-history":[{"count":11,"href":"https:\/\/psychologue.contact\/index.php?rest_route=\/wp\/v2\/pages\/364\/revisions"}],"predecessor-version":[{"id":439,"href":"https:\/\/psychologue.contact\/index.php?rest_route=\/wp\/v2\/pages\/364\/revisions\/439"}],"wp:attachment":[{"href":"https:\/\/psychologue.contact\/index.php?rest_route=%2Fwp%2Fv2%2Fmedia&parent=364"}],"curies":[{"name":"wp","href":"https:\/\/api.w.org\/{rel}","templated":true}]}}