{"id":137,"date":"2023-11-08T13:38:51","date_gmt":"2023-11-08T12:38:51","guid":{"rendered":"https:\/\/psychologue.contact\/?page_id=137"},"modified":"2023-12-30T17:26:16","modified_gmt":"2023-12-30T16:26:16","slug":"pourquoi-consulter-un-psychologue","status":"publish","type":"page","link":"https:\/\/psychologue.contact\/?page_id=137","title":{"rendered":"Psychologue"},"content":{"rendered":"\n<div class=\"wp-block-cover alignfull is-light animated fadeIn\" style=\"min-height:600px\"><span aria-hidden=\"true\" class=\"wp-block-cover__background has-background-dim-40 has-background-dim\"><\/span><img loading=\"lazy\" decoding=\"async\" width=\"2560\" height=\"1707\" class=\"wp-block-cover__image-background wp-image-401\" alt=\"\" src=\"https:\/\/psychologue.contact\/wp-content\/uploads\/2023\/12\/pexels-megan-newman-837494-scaled.jpg\" style=\"object-position:50% 51%\" data-object-fit=\"cover\" data-object-position=\"50% 51%\" srcset=\"https:\/\/psychologue.contact\/wp-content\/uploads\/2023\/12\/pexels-megan-newman-837494-scaled.jpg 2560w, https:\/\/psychologue.contact\/wp-content\/uploads\/2023\/12\/pexels-megan-newman-837494-300x200.jpg 300w, https:\/\/psychologue.contact\/wp-content\/uploads\/2023\/12\/pexels-megan-newman-837494-1024x683.jpg 1024w, https:\/\/psychologue.contact\/wp-content\/uploads\/2023\/12\/pexels-megan-newman-837494-768x512.jpg 768w, https:\/\/psychologue.contact\/wp-content\/uploads\/2023\/12\/pexels-megan-newman-837494-1536x1024.jpg 1536w, https:\/\/psychologue.contact\/wp-content\/uploads\/2023\/12\/pexels-megan-newman-837494-2048x1365.jpg 2048w, https:\/\/psychologue.contact\/wp-content\/uploads\/2023\/12\/pexels-megan-newman-837494-2000x1333.jpg 2000w, https:\/\/psychologue.contact\/wp-content\/uploads\/2023\/12\/pexels-megan-newman-837494-760x507.jpg 760w, https:\/\/psychologue.contact\/wp-content\/uploads\/2023\/12\/pexels-megan-newman-837494-370x247.jpg 370w\" sizes=\"(max-width: 2560px) 100vw, 2560px\" \/><div class=\"wp-block-cover__inner-container is-layout-flow wp-block-cover-is-layout-flow\">\n<h2 class=\"wp-block-heading has-text-align-center o-typing-delay-500ms o-typing-fast has-white-color has-text-color\" style=\"font-size:70px\"><strong><o-anim-typing>Psychologue<\/o-anim-typing><\/strong><\/h2>\n<\/div><\/div>\n\n\n\n<h2 class=\"wp-block-heading\">Qu&#8217;est-ce qu&#8217;un psychologue clinicien ?<\/h2>\n\n\n\n<p style=\"font-size:16px\">Le psychologue clinicien est un psychologue sp\u00e9cialis\u00e9 dans les troubles psychiques. Il suit un code de d\u00e9ontologie. Un psychologue est dit Clinicien, ce mot vient du Grec \u00abclin\u00e9 \u00bbqui signifie \u00ab au chevet du patient \u00bb. Il s&#8217;agit donc, pour le psychologue clinicien, d&#8217;accompagner toute personne (Enfants, Adolescents et Adultes), par la psychoth\u00e9rapie durant une situation difficile de sa vie ou des manifestations symptomatiques qui le font souffrir. Aussi, le psychologue est de fait, d\u00e8s l&#8217;obtention de son titre, psychoth\u00e9rapeute.<\/p>\n\n\n\n<h2 class=\"wp-block-heading\">Dans quel contexte s&#8217;adresse-t-on \u00e0 un psychologue?<\/h2>\n\n\n\n<p style=\"font-size:16px\">Il y a de multiples raisons de s&#8217;adresser \u00e0 un psychologue. On s&#8217;adresse \u00e0 un psychologue dans des moments de vie o\u00f9 l&#8217;on recherche un soutien, o\u00f9 une question met en p\u00e9ril notre \u00e9quilibre psychologique ou nos relations sociales. Ces situations peuvent relever de diff\u00e9rents domaines (difficult\u00e9s dans le lien social, familial, du couple, harc\u00e8lement. souffrance au travail) et s&#8217;organiser autour de conduites ou comportements au travers desquels la personne a du mal \u00e0 trouver sa place, se mettre en valeur. Cette d\u00e9marche se fait g\u00e9n\u00e9ralement lorsqu&#8217;un \u00e9v\u00e9nement bouleversant vient faire souffrir, inqui\u00e9ter et compliquer notre vie. Il arrive aussi qu&#8217;un sympt\u00f4me surgisse, ou s&#8217;aggrave, sans explications apparentes, causant tout autant de perturbations et de souffrances qu&#8217;un \u00e9v\u00e9nement r\u00e9el. L&#8217;angoisse et l&#8217;anxi\u00e9t\u00e9 font partie des manifestations courantes qui peuvent venir troubler notre vie.<\/p>\n\n\n\n<div style=\"height:100px\" aria-hidden=\"true\" class=\"wp-block-spacer\"><\/div>\n","protected":false},"excerpt":{"rendered":"<p>Qu&#8217;est-ce qu&#8217;un psychologue clinicien ? Le psychologue clinicien est un psychologue sp\u00e9cialis\u00e9 dans les troubles psychiques. Il suit un code de d\u00e9ontologie. Un psychologue est dit Clinicien, ce mot vient du Grec \u00abclin\u00e9 \u00bbqui signifie \u00ab au chevet du patient \u00bb. Il s&#8217;agit donc, pour le psychologue clinicien, d&#8217;accompagner toute personne (Enfants, Adolescents et Adultes), &hellip; <\/p>\n<p class=\"link-more\"><a href=\"https:\/\/psychologue.contact\/?page_id=137\" class=\"more-link\">Read more<span class=\"screen-reader-text\"> &#8220;Psychologue&#8221;<\/span><\/a><\/p>\n","protected":false},"author":1,"featured_media":0,"parent":0,"menu_order":0,"comment_status":"closed","ping_status":"closed","template":"","meta":{"footnotes":""},"_links":{"self":[{"href":"https:\/\/psychologue.contact\/index.php?rest_route=\/wp\/v2\/pages\/137"}],"collection":[{"href":"https:\/\/psychologue.contact\/index.php?rest_route=\/wp\/v2\/pages"}],"about":[{"href":"https:\/\/psychologue.contact\/index.php?rest_route=\/wp\/v2\/types\/page"}],"author":[{"embeddable":true,"href":"https:\/\/psychologue.contact\/index.php?rest_route=\/wp\/v2\/users\/1"}],"replies":[{"embeddable":true,"href":"https:\/\/psychologue.contact\/index.php?rest_route=%2Fwp%2Fv2%2Fcomments&post=137"}],"version-history":[{"count":8,"href":"https:\/\/psychologue.contact\/index.php?rest_route=\/wp\/v2\/pages\/137\/revisions"}],"predecessor-version":[{"id":426,"href":"https:\/\/psychologue.contact\/index.php?rest_route=\/wp\/v2\/pages\/137\/revisions\/426"}],"wp:attachment":[{"href":"https:\/\/psychologue.contact\/index.php?rest_route=%2Fwp%2Fv2%2Fmedia&parent=137"}],"curies":[{"name":"wp","href":"https:\/\/api.w.org\/{rel}","templated":true}]}}