{"id":125,"date":"2023-11-08T13:31:57","date_gmt":"2023-11-08T12:31:57","guid":{"rendered":"https:\/\/psychologue.contact\/?page_id=125"},"modified":"2023-12-30T17:52:50","modified_gmt":"2023-12-30T16:52:50","slug":"hypnose-therapeutique","status":"publish","type":"page","link":"https:\/\/psychologue.contact\/?page_id=125","title":{"rendered":"Hypnose th\u00e9rapeutique"},"content":{"rendered":"\n<div class=\"wp-block-cover alignfull\" style=\"min-height:600px\"><span aria-hidden=\"true\" class=\"wp-block-cover__background has-background-dim-40 has-background-dim\"><\/span><img loading=\"lazy\" decoding=\"async\" width=\"2560\" height=\"1440\" class=\"wp-block-cover__image-background wp-image-325\" alt=\"\" src=\"http:\/\/psychologue.contact\/wp-content\/uploads\/2023\/11\/pexels-johannes-plenio-2080960-scaled.jpg\" data-object-fit=\"cover\" srcset=\"https:\/\/psychologue.contact\/wp-content\/uploads\/2023\/11\/pexels-johannes-plenio-2080960-scaled.jpg 2560w, https:\/\/psychologue.contact\/wp-content\/uploads\/2023\/11\/pexels-johannes-plenio-2080960-300x169.jpg 300w, https:\/\/psychologue.contact\/wp-content\/uploads\/2023\/11\/pexels-johannes-plenio-2080960-1024x576.jpg 1024w, https:\/\/psychologue.contact\/wp-content\/uploads\/2023\/11\/pexels-johannes-plenio-2080960-768x432.jpg 768w, https:\/\/psychologue.contact\/wp-content\/uploads\/2023\/11\/pexels-johannes-plenio-2080960-1536x864.jpg 1536w, https:\/\/psychologue.contact\/wp-content\/uploads\/2023\/11\/pexels-johannes-plenio-2080960-2048x1152.jpg 2048w, https:\/\/psychologue.contact\/wp-content\/uploads\/2023\/11\/pexels-johannes-plenio-2080960-2000x1125.jpg 2000w, https:\/\/psychologue.contact\/wp-content\/uploads\/2023\/11\/pexels-johannes-plenio-2080960-1170x658.jpg 1170w, https:\/\/psychologue.contact\/wp-content\/uploads\/2023\/11\/pexels-johannes-plenio-2080960-760x428.jpg 760w, https:\/\/psychologue.contact\/wp-content\/uploads\/2023\/11\/pexels-johannes-plenio-2080960-370x208.jpg 370w, https:\/\/psychologue.contact\/wp-content\/uploads\/2023\/11\/pexels-johannes-plenio-2080960-270x152.jpg 270w\" sizes=\"(max-width: 2560px) 100vw, 2560px\" \/><div class=\"wp-block-cover__inner-container is-layout-flow wp-block-cover-is-layout-flow\">\n<h2 class=\"wp-block-heading has-text-align-center o-typing-delay-500ms o-typing-fast has-white-color has-text-color\" style=\"font-size:70px\"><o-anim-typing>Hypnose th\u00e9rapeutique<\/o-anim-typing><\/h2>\n<\/div><\/div>\n\n\n\n<h2 class=\"wp-block-heading\">Qu&#8217;est-ce que l&#8217;hypno-th\u00e9rapie ?<\/h2>\n\n\n\n<p style=\"font-size:16px\">Le principe de l&#8217;hypnose est d&#8217;induire un \u00e9tat modifi\u00e9 de conscience afin d&#8217;acc\u00e9der plus facilement \u00e0 l&#8217;inconscient en levant les inhibitions. Le fondement de l&#8217;hypnose repose sur la participation active de la personne qui est consid\u00e9r\u00e9e comme poss\u00e9dant les ressources n\u00e9cessaires \u00e0 l&#8217;\u00e9laboration des r\u00e9ponses permettant la r\u00e9solution de sa situation. Ainsi, vous pouvez proc\u00e9der \u00e0 une transformation int\u00e9rieure positive. Dans ce cadre, votre hypno-th\u00e9rapeute est un guide dans l&#8217;exp\u00e9rimentation et la suggestion de nouvelles comp\u00e9tences face \u00e0 une situation jug\u00e9e difficile ou ind\u00e9passable.<\/p>\n\n\n\n<h2 class=\"wp-block-heading\">Pourquoi faire appel \u00e0 l&#8217;hypnose ?<\/h2>\n\n\n\n<p style=\"font-size:16px\">L&#8217;hypnose th\u00e9rapeutique est pr\u00e9conis\u00e9e dans le traitement de nombreux troubles tels que l&#8217;anxi\u00e9t\u00e9, l&#8217;angoisse, la d\u00e9pression mais \u00e9galement les troubles du sommeil et des conduites alimentaires. L&#8217;hypnose est efficace sur toutes les modifications de conduites et comportements au quotidien. Elle peut vous \u00eatre propos\u00e9e en compl\u00e9ment et ponctuellement dans votre psychoth\u00e9rapie ou soutien psychologique.<\/p>\n\n\n\n<p style=\"font-size:16px\"><strong>Prenez rendez-vous d\u00e8s maintenant et commencez votre parcours vers votre mieux-\u00eatre. Contactez-moi pour une s\u00e9ance d&#8217;hypnose th\u00e9rapeutique personnalis\u00e9e, et ensemble, nous travaillerons \u00e0 cr\u00e9er les changements que vous d\u00e9sirez dans votre vie.<\/strong><\/p>\n\n\n\n<p class=\"has-medium-font-size\">Appeler au <strong>06 15 44 73 36<\/strong><\/p>\n\n\n\n<div style=\"height:100px\" aria-hidden=\"true\" class=\"wp-block-spacer\"><\/div>\n","protected":false},"excerpt":{"rendered":"<p>Qu&#8217;est-ce que l&#8217;hypno-th\u00e9rapie ? Le principe de l&#8217;hypnose est d&#8217;induire un \u00e9tat modifi\u00e9 de conscience afin d&#8217;acc\u00e9der plus facilement \u00e0 l&#8217;inconscient en levant les inhibitions. Le fondement de l&#8217;hypnose repose sur la participation active de la personne qui est consid\u00e9r\u00e9e comme poss\u00e9dant les ressources n\u00e9cessaires \u00e0 l&#8217;\u00e9laboration des r\u00e9ponses permettant la r\u00e9solution de sa situation. &hellip; <\/p>\n<p class=\"link-more\"><a href=\"https:\/\/psychologue.contact\/?page_id=125\" class=\"more-link\">Read more<span class=\"screen-reader-text\"> &#8220;Hypnose th\u00e9rapeutique&#8221;<\/span><\/a><\/p>\n","protected":false},"author":1,"featured_media":0,"parent":0,"menu_order":0,"comment_status":"closed","ping_status":"closed","template":"","meta":{"footnotes":""},"_links":{"self":[{"href":"https:\/\/psychologue.contact\/index.php?rest_route=\/wp\/v2\/pages\/125"}],"collection":[{"href":"https:\/\/psychologue.contact\/index.php?rest_route=\/wp\/v2\/pages"}],"about":[{"href":"https:\/\/psychologue.contact\/index.php?rest_route=\/wp\/v2\/types\/page"}],"author":[{"embeddable":true,"href":"https:\/\/psychologue.contact\/index.php?rest_route=\/wp\/v2\/users\/1"}],"replies":[{"embeddable":true,"href":"https:\/\/psychologue.contact\/index.php?rest_route=%2Fwp%2Fv2%2Fcomments&post=125"}],"version-history":[{"count":17,"href":"https:\/\/psychologue.contact\/index.php?rest_route=\/wp\/v2\/pages\/125\/revisions"}],"predecessor-version":[{"id":444,"href":"https:\/\/psychologue.contact\/index.php?rest_route=\/wp\/v2\/pages\/125\/revisions\/444"}],"wp:attachment":[{"href":"https:\/\/psychologue.contact\/index.php?rest_route=%2Fwp%2Fv2%2Fmedia&parent=125"}],"curies":[{"name":"wp","href":"https:\/\/api.w.org\/{rel}","templated":true}]}}